{"id":17,"date":"2025-11-27T20:48:58","date_gmt":"2025-11-27T19:48:58","guid":{"rendered":"https:\/\/collegiumartes.com\/liceum\/?page_id=17"},"modified":"2025-12-17T13:50:39","modified_gmt":"2025-12-17T12:50:39","slug":"zaslepka","status":"publish","type":"page","link":"https:\/\/collegiumartes.com\/rozwijamy-skrzydla\/","title":{"rendered":"Rozwijamy skrzyd\u0142a"},"content":{"rendered":"\r\n<section class=\"section-side-cover\">\r\n  <div class=\"side-cover-content\">\r\n     \r\n      <h2 class=\"side-cover-content__title\">\r\n        Rozwijamy skrzyd\u0142a      <\/h2>\r\n    \r\n     \r\n      <div class=\"side-cover-content__text\">\r\n        <p>Wkr\u00f3tce dowiecie si\u0119 wi\u0119cej :)<\/p>\n      <\/div>\r\n    \r\n          <a class=\"btn side-cover-content__btn\" href=\"https:\/\/collegiumartes.com\/\" target=\"\">\r\n        Powr\u00f3t na stron\u0119 g\u0142\u00f3wn\u0105      <\/a>\r\n      <\/div>\r\n\r\n      <img decoding=\"async\" class=\"section-side-cover__image\" src=\"https:\/\/collegiumartes.com\/rozwijamy-skrzydla\/wp-content\/uploads\/sites\/5\/2025\/11\/liceum-bg-scaled.png\" alt=\"\">\r\n  <\/section>","protected":false},"excerpt":{"rendered":"","protected":false},"author":1,"featured_media":0,"parent":0,"menu_order":0,"comment_status":"closed","ping_status":"closed","template":"","meta":{"_acf_changed":false,"footnotes":""},"class_list":["post-17","page","type-page","status-publish","hentry"],"acf":[],"_links":{"self":[{"href":"https:\/\/collegiumartes.com\/rozwijamy-skrzydla\/wp-json\/wp\/v2\/pages\/17","targetHints":{"allow":["GET"]}}],"collection":[{"href":"https:\/\/collegiumartes.com\/rozwijamy-skrzydla\/wp-json\/wp\/v2\/pages"}],"about":[{"href":"https:\/\/collegiumartes.com\/rozwijamy-skrzydla\/wp-json\/wp\/v2\/types\/page"}],"author":[{"embeddable":true,"href":"https:\/\/collegiumartes.com\/rozwijamy-skrzydla\/wp-json\/wp\/v2\/users\/1"}],"replies":[{"embeddable":true,"href":"https:\/\/collegiumartes.com\/rozwijamy-skrzydla\/wp-json\/wp\/v2\/comments?post=17"}],"version-history":[{"count":4,"href":"https:\/\/collegiumartes.com\/rozwijamy-skrzydla\/wp-json\/wp\/v2\/pages\/17\/revisions"}],"predecessor-version":[{"id":65,"href":"https:\/\/collegiumartes.com\/rozwijamy-skrzydla\/wp-json\/wp\/v2\/pages\/17\/revisions\/65"}],"wp:attachment":[{"href":"https:\/\/collegiumartes.com\/rozwijamy-skrzydla\/wp-json\/wp\/v2\/media?parent=17"}],"curies":[{"name":"wp","href":"https:\/\/api.w.org\/{rel}","templated":true}]}}