{"id":15,"date":"2025-11-04T19:19:34","date_gmt":"2025-11-04T18:19:34","guid":{"rendered":"https:\/\/collegiumartes.com\/sp\/?page_id=15"},"modified":"2025-12-11T10:35:12","modified_gmt":"2025-12-11T09:35:12","slug":"wiesci","status":"publish","type":"page","link":"https:\/\/collegiumartes.com\/sp\/wiesci\/","title":{"rendered":"Wie\u015bci"},"content":{"rendered":"\r\n<section class=\"section-page-header\">\r\n  <div class=\"container\">\r\n     \r\n      <p class=\"section-page-header__text-above-title\">\r\n        Wie\u015bci      <\/p>\r\n    \r\n     \r\n      <h1 class=\"section-page-header__title\">\r\n        Zajrzyj tu, je\u015bli chcesz wiedzie\u0107, co si\u0119 w szkole dzieje &#8211; od wielkich wydarze\u0144 po drobne ciekawostki, kt\u00f3re dodaj\u0105 codzienno\u015bci odrobin\u0119 szkolnego uroku :)      <\/h1>\r\n      <\/div>\r\n<\/section>\n\n<section class=\"section-news\">\r\n  <div class=\"container\">\r\n          <div class=\"news-categories\">\r\n                  <a href=\"https:\/\/collegiumartes.com\/sp\/event-category\/co-w-szkole\/\" class=\"news-categories__item\">\r\n            Co w szkole          <\/a>\r\n              <\/div>\r\n    \r\n            <div class=\"all-news-wrapper\">\r\n                    <div class=\"post-item post-item--pink\">\r\n                              <img decoding=\"async\" class=\"post-item__image\" src=\"https:\/\/collegiumartes.com\/sp\/wp-content\/uploads\/sites\/4\/2025\/12\/ca-koledy.jpg\" alt=\"News thumbnail\" \/>\r\n              \r\n              <div class=\"post-categories\">\r\n                                  <a class=\"post-categories__item\" href=\"https:\/\/collegiumartes.com\/sp\/event-category\/co-w-szkole\/\">Co w szkole<\/a>\r\n                                \r\n              <\/div>\r\n\r\n              <p class=\"post-item__date\">\r\n                11.12.2025              <\/p>\r\n              \r\n              <h3 class=\"post-item__title\">\r\n                <a href=\"https:\/\/collegiumartes.com\/sp\/wiesc\/koledy-moc\/\">Kol\u0119dy Moc<\/a>\r\n              <\/h3>\r\n\r\n              <div class=\"post-item__excerpt\">\r\n                <p>Czwartek 18 grudnia godzina 12:45 w blasku \u015bwiec, przy snuj\u0105cych si\u0119 kol\u0119dach wraz z naszymi go\u015b\u0107mi z Domu Seniora oraz rodzicami uczni\u00f3w zasi\u0105dziemy przy choince, aby zatrzyma\u0107 si\u0119 na chwil\u0119 w przed\u015bwi\u0105tecznych przygotowaniach.<\/p>\n              <\/div>\r\n\r\n              <a href=\"https:\/\/collegiumartes.com\/sp\/wiesc\/koledy-moc\/\" class=\"post-item__link\">\r\n                Czytaj wi\u0119cej              <\/a>\r\n            <\/div>\r\n                  <\/div>\r\n\r\n              <\/div>\r\n<\/section>\r\n\n\n\n<p><\/p>\n","protected":false},"excerpt":{"rendered":"","protected":false},"author":1,"featured_media":0,"parent":0,"menu_order":0,"comment_status":"closed","ping_status":"closed","template":"","meta":{"_acf_changed":false,"footnotes":""},"class_list":["post-15","page","type-page","status-publish","hentry"],"acf":[],"_links":{"self":[{"href":"https:\/\/collegiumartes.com\/sp\/wp-json\/wp\/v2\/pages\/15","targetHints":{"allow":["GET"]}}],"collection":[{"href":"https:\/\/collegiumartes.com\/sp\/wp-json\/wp\/v2\/pages"}],"about":[{"href":"https:\/\/collegiumartes.com\/sp\/wp-json\/wp\/v2\/types\/page"}],"author":[{"embeddable":true,"href":"https:\/\/collegiumartes.com\/sp\/wp-json\/wp\/v2\/users\/1"}],"replies":[{"embeddable":true,"href":"https:\/\/collegiumartes.com\/sp\/wp-json\/wp\/v2\/comments?post=15"}],"version-history":[{"count":9,"href":"https:\/\/collegiumartes.com\/sp\/wp-json\/wp\/v2\/pages\/15\/revisions"}],"predecessor-version":[{"id":435,"href":"https:\/\/collegiumartes.com\/sp\/wp-json\/wp\/v2\/pages\/15\/revisions\/435"}],"wp:attachment":[{"href":"https:\/\/collegiumartes.com\/sp\/wp-json\/wp\/v2\/media?parent=15"}],"curies":[{"name":"wp","href":"https:\/\/api.w.org\/{rel}","templated":true}]}}