{"id":17,"date":"2025-11-04T19:19:39","date_gmt":"2025-11-04T18:19:39","guid":{"rendered":"https:\/\/collegiumartes.com\/sp\/?page_id=17"},"modified":"2025-12-11T10:34:39","modified_gmt":"2025-12-11T09:34:39","slug":"blog","status":"publish","type":"page","link":"https:\/\/collegiumartes.com\/sp\/blog\/","title":{"rendered":"Blog"},"content":{"rendered":"\r\n<section class=\"section-page-header\">\r\n  <div class=\"container\">\r\n     \r\n      <p class=\"section-page-header__text-above-title\">\r\n        Blog      <\/p>\r\n    \r\n     \r\n      <h1 class=\"section-page-header__title\">\r\n        Tak to ju\u017c bywa, \u017ce nie wsz\u0119dzie mo\u017cemy by\u0107. Nie mo\u017cesz nas odwiedzi\u0107 &#8211; poczytaj jak my\u015blimy, co lubimy, co jest trudne.      <\/h1>\r\n      <\/div>\r\n<\/section>\n\n<section class=\"section-posts\">\r\n  <div class=\"container\">\r\n          <div class=\"posts-categories\">\r\n                  <a href=\"https:\/\/collegiumartes.com\/sp\/category\/o-szkole\/\" class=\"posts-categories__item\">\r\n            O szkole          <\/a>\r\n              <\/div>\r\n    \r\n            <div class=\"all-posts-wrapper\">\r\n                    <div class=\"post-item post-item--violet\">\r\n                              <img decoding=\"async\" class=\"post-item__image\" src=\"https:\/\/collegiumartes.com\/sp\/wp-content\/themes\/collegium-artes-sp\/images\/ca-post-cover.jpg\" alt=\"Post thumbnail\" \/>\r\n              \r\n              <div class=\"post-categories\">\r\n                                  <a class=\"post-categories__item\" href=\"https:\/\/collegiumartes.com\/sp\/category\/o-szkole\/\">O szkole<\/a>\r\n                                \r\n              <\/div>\r\n\r\n              <p class=\"post-item__date\">\r\n                12.12.2025              <\/p>\r\n              \r\n              <h3 class=\"post-item__title\">\r\n                <a href=\"https:\/\/collegiumartes.com\/sp\/granice-i-wolnosc-o-odwadze-mowienia-tak-i-madrosci-mowienia-nie\/\">\u201eGranice i wolno\u015b\u0107\u201d &#8211; o odwadze m\u00f3wienia \u201etak\u201d I m\u0105dro\u015bci m\u00f3wienia \u201enie\u201d<\/a>\r\n              <\/h3>\r\n\r\n              <div class=\"post-item__excerpt\">\r\n                <p>Wyobra\u017amy sobie poniedzia\u0142kowy poranek. Nauczycielka wchodzi do klasy z kubkiem kawy, kt\u00f3ra jeszcze jest ciep\u0142a (rzadkie zjawisko). Uczniowie witaj\u0105 j\u0105 ch\u00f3rem pyta\u0144, pr\u00f3\u015bb, opowie\u015bci o weekendzie i trzema r\u00f3wnoleg\u0142ymi konfliktami, kt\u00f3re \u2014 jak mawiaj\u0105 m\u0142odzi \u2014 \u201ewybuch\u0142y same\u201d.<\/p>\n              <\/div>\r\n\r\n              <a href=\"https:\/\/collegiumartes.com\/sp\/granice-i-wolnosc-o-odwadze-mowienia-tak-i-madrosci-mowienia-nie\/\" class=\"post-item__link\">\r\n                Czytaj wi\u0119cej              <\/a>\r\n            <\/div>\r\n                    <div class=\"post-item post-item--violet\">\r\n                              <img decoding=\"async\" class=\"post-item__image\" src=\"https:\/\/collegiumartes.com\/sp\/wp-content\/uploads\/sites\/4\/2025\/12\/ca-post-cover.jpg\" alt=\"Post thumbnail\" \/>\r\n              \r\n              <div class=\"post-categories\">\r\n                                  <a class=\"post-categories__item\" href=\"https:\/\/collegiumartes.com\/sp\/category\/o-szkole\/\">O szkole<\/a>\r\n                                \r\n              <\/div>\r\n\r\n              <p class=\"post-item__date\">\r\n                11.12.2025              <\/p>\r\n              \r\n              <h3 class=\"post-item__title\">\r\n                <a href=\"https:\/\/collegiumartes.com\/sp\/dlaczego-collegium-artes\/\">Dlaczego Collegium Artes?<\/a>\r\n              <\/h3>\r\n\r\n              <div class=\"post-item__excerpt\">\r\n                <p>Wybieraj\u0105c nazw\u0119 naszej szko\u0142y, chcieli\u015bmy, aby nios\u0142a ona ze sob\u0105 co\u015b wi\u0119cej ni\u017c tylko \u0142adne brzmienie &#8211; bo brzmi \u0142adnie prawda?<\/p>\n              <\/div>\r\n\r\n              <a href=\"https:\/\/collegiumartes.com\/sp\/dlaczego-collegium-artes\/\" class=\"post-item__link\">\r\n                Czytaj wi\u0119cej              <\/a>\r\n            <\/div>\r\n                  <\/div>\r\n\r\n              <\/div>\r\n<\/section>","protected":false},"excerpt":{"rendered":"","protected":false},"author":1,"featured_media":0,"parent":0,"menu_order":0,"comment_status":"closed","ping_status":"closed","template":"","meta":{"_acf_changed":false,"footnotes":""},"class_list":["post-17","page","type-page","status-publish","hentry"],"acf":[],"_links":{"self":[{"href":"https:\/\/collegiumartes.com\/sp\/wp-json\/wp\/v2\/pages\/17","targetHints":{"allow":["GET"]}}],"collection":[{"href":"https:\/\/collegiumartes.com\/sp\/wp-json\/wp\/v2\/pages"}],"about":[{"href":"https:\/\/collegiumartes.com\/sp\/wp-json\/wp\/v2\/types\/page"}],"author":[{"embeddable":true,"href":"https:\/\/collegiumartes.com\/sp\/wp-json\/wp\/v2\/users\/1"}],"replies":[{"embeddable":true,"href":"https:\/\/collegiumartes.com\/sp\/wp-json\/wp\/v2\/comments?post=17"}],"version-history":[{"count":5,"href":"https:\/\/collegiumartes.com\/sp\/wp-json\/wp\/v2\/pages\/17\/revisions"}],"predecessor-version":[{"id":434,"href":"https:\/\/collegiumartes.com\/sp\/wp-json\/wp\/v2\/pages\/17\/revisions\/434"}],"wp:attachment":[{"href":"https:\/\/collegiumartes.com\/sp\/wp-json\/wp\/v2\/media?parent=17"}],"curies":[{"name":"wp","href":"https:\/\/api.w.org\/{rel}","templated":true}]}}