{"id":207,"date":"2025-11-15T20:02:43","date_gmt":"2025-11-15T19:02:43","guid":{"rendered":"https:\/\/collegiumartes.com\/sp\/?page_id=207"},"modified":"2025-12-15T14:54:26","modified_gmt":"2025-12-15T13:54:26","slug":"pytania-i-odpowiedzi","status":"publish","type":"page","link":"https:\/\/collegiumartes.com\/sp\/pytania-i-odpowiedzi\/","title":{"rendered":"Pytania i\u00a0odpowiedzi"},"content":{"rendered":"\r\n<section class=\"section-faq\">\r\n   <div class=\"container\">\r\n     \r\n      <h2 class=\"section-faq__title\">\r\n        Pytania i <strong>odpowiedzi<\/strong>      <\/h2>\r\n    \r\n          <div class=\"faq-wrapper\">\r\n                  <div class=\"faq-item\">\r\n             \r\n              <h1 class=\"faq-item__question\">\r\n                Dlaczego Collegium Artes?              <\/h1>\r\n            \r\n             \r\n              <div class=\"faq-item__answer\">\r\n                <p>Wybieraj\u0105c nazw\u0119 naszej szko\u0142y, chcieli\u015bmy, aby nios\u0142a ona ze sob\u0105 co\u015b wi\u0119cej ni\u017c tylko \u0142adne brzmienie \u2013 bo brzmi \u0142adnie prawda?<\/p>\n<p>Collegium Artes to nie przypadkowy zestaw s\u0142\u00f3w \u2013 to wizyt\u00f3wka naszej filozofii, podej\u015bcia do ucznia i sposobu, w jaki rozumiemy edukacj\u0119.<\/p>\n<p>Wi\u0119cej o nazwie naszej szko\u0142y przeczytaj w osobnym artykule: <a href=\"https:\/\/collegiumartes.com\/sp\/dlaczego-collegium-artes\/\">Dlaczego Collegium Artes?<\/a><\/p>\n              <\/div>\r\n                      <\/div>\r\n                  <div class=\"faq-item\">\r\n             \r\n              <h1 class=\"faq-item__question\">\r\n                Co wyr\u00f3\u017cnia Collegium Artes od innych szk\u00f3\u0142?              <\/h1>\r\n            \r\n             \r\n              <div class=\"faq-item__answer\">\r\n                <p>O wyj\u0105tkowo\u015bci szko\u0142y stanowi kadra, rodzice i uczniowie.<\/p>\n<p>Jest kilka kluczowych cech:<\/p>\n<ol>\n<li>Edukacja oparta na relacjach- nacisk k\u0142adzie si\u0119 na budowanie g\u0142\u0119bokich, wspieraj\u0105cych relacji miedzy uczniami, nauczycielami i rodzicami. Postrzegamy edukacj\u0119 przez pryzmat wiedzy, rozw\u00f3j emocjonalny i spo\u0142eczny dzieci.<\/li>\n<li>\u015awiadomo\u015b\u0107 siebie i uwa\u017cno\u015b\u0107- uczniowie s\u0105 uczeni rozpoznawania w\u0142asnych emocji, potrzeb i sposob\u00f3w reagowania.<\/li>\n<li>Sztuka jako integralna cz\u0119\u015b\u0107 programu nauczania nie jest dodatkiem, lecz narz\u0119dziem rozwijaj\u0105cym kreatywno\u015b\u0107, ekspresj\u0119 i umiej\u0119tno\u015bci inerpersonalne.<\/li>\n<li>Indywidualne podej\u015bcie- planowanie zaj\u0119\u0107 i wsparcia edukacyjnego uwzgl\u0119dnia indywidualne potrzeby uczni\u00f3w, ich tempo i styl uczenia si\u0119.<\/li>\n<li>Holistyczny rozw\u00f3j dziecka- szko\u0142a stawia na r\u00f3wnowag\u0119 mi\u0119dzy wiedz\u0105 akademick\u0105, kompetencjami spo\u0142ecznymi, artystycznymi i emocjonalnymi.<\/li>\n<li>Kultura wsp\u00f3\u0142pracy i wsparcia- zamiast rywalizacji, szko\u0142a promuje wsp\u00f3\u0142prac\u0119, wzajemny szacunek.<\/li>\n<\/ol>\n              <\/div>\r\n                      <\/div>\r\n                  <div class=\"faq-item\">\r\n             \r\n              <h1 class=\"faq-item__question\">\r\n                Jak liczne s\u0105 grupy?              <\/h1>\r\n            \r\n             \r\n              <div class=\"faq-item__answer\">\r\n                <p>Z za\u0142o\u017cenia Collegium Artes jest kameraln\u0105 szko\u0142\u0105 i wed\u0142ug statutu w grupie mo\u017ce by\u0107 maksymalnie 15 uczni\u00f3w. Tak ma\u0142oliczna grupa pozwala nam pozna\u0107 ka\u017cdego z uczni\u00f3w, a nauczyciel ma mo\u017cliwo\u015b\u0107 indywidualizowania pracy poczas lekcji.<\/p>\n              <\/div>\r\n                      <\/div>\r\n                  <div class=\"faq-item\">\r\n             \r\n              <h1 class=\"faq-item__question\">\r\n                W jaki spos\u00f3b prowadzone s\u0105 zaj\u0119cia?              <\/h1>\r\n            \r\n             \r\n              <div class=\"faq-item__answer\">\r\n                <p>Tak aby rozbudza\u0107 w dzieciach ciekawo\u015b\u0107 i ch\u0119\u0107 uczenia si\u0119. :) Realizujemy podstaw\u0119 programow\u0105, a to wymaga stosowania r\u00f3\u017cnorodnych metod. Pokazujemy dzieciom, \u017ce to czego si\u0119 ucz\u0105 ma sens, \u017ce b\u0119dzie potrzebne na r\u00f3\u017cnych etapach ich \u017cycia i w r\u00f3\u017cnych kontekstach. G\u0142\u00f3wnie s\u0105 to metody aktywizuj\u0105ce, bo samodzielne dociekanie, rozwi\u0105zywanie problem\u00f3w, odkrywanie i do\u015bwiadczanie w najbardziej naturalny dla dziecka spos\u00f3b pozwala na zdobywanie wiedzy i coraz to nowych kompetencji.<\/p>\n              <\/div>\r\n                      <\/div>\r\n                  <div class=\"faq-item\">\r\n             \r\n              <h1 class=\"faq-item__question\">\r\n                W jaki spos\u00f3b rozwi\u0105zujemy problemy, konflikty?              <\/h1>\r\n            \r\n             \r\n              <div class=\"faq-item__answer\">\r\n                <p>Konflikty, problemy s\u0105 wpisane w \u017cycie i nie da si\u0119 ich unikn\u0105\u0107. I nie chodzi o to aby ich nie by\u0142o, ale o to aby nauczy\u0107 dzieci radzenia sobie z nimi.<br \/>\nRegularne mytingi to czas, podczas kt\u00f3rego omawiamy wydarzenia dnia. Wa\u017cne aby nie udawa\u0107, \u017ce nie ma problemu, a szuka\u0107 rozwi\u0105za\u0144.<\/p>\n              <\/div>\r\n                      <\/div>\r\n                  <div class=\"faq-item\">\r\n             \r\n              <h1 class=\"faq-item__question\">\r\n                Czy w szkole jest opieka psychologa, pedagoga?              <\/h1>\r\n            \r\n             \r\n              <div class=\"faq-item__answer\">\r\n                <p>Tak. W naszej szkole uczniowie i rodzice mog\u0105 korzysta\u0107 ze wsparcia wykwalifikowanego psychologa oraz pedagoga. Wspieraj\u0105 dzieci w radzeniu sobie z emocjami, trudno\u015bciami szkolnymi i w relacjach z r\u00f3wie\u015bnikami. Pedagog i psycholog wsp\u00f3\u0142pracuj\u0105 r\u00f3wnie\u017c z nauczycielami, aby jak najlepiej odpowiada\u0107 na potrzeby ka\u017cdego ucznia i wspiera\u0107 jego rozw\u00f3j.<\/p>\n              <\/div>\r\n                      <\/div>\r\n                  <div class=\"faq-item\">\r\n             \r\n              <h1 class=\"faq-item__question\">\r\n                Jaka jest kadra ?              <\/h1>\r\n            \r\n             \r\n              <div class=\"faq-item__answer\">\r\n                <p>Kadra to nasza moc. Zesp\u00f3\u0142 tworz\u0105 wykwalifikowani nauczyciele i specjalisci. To osoby z do\u015bwiadczeniem, pasj\u0105 i uwa\u017cno\u015bci\u0105 na potrzeby dzieci. Pracujemy w ma\u0142ych oddzia\u0142ach, co pozwala na indywidualne podej\u015bcie i poczucie bezpiecze\u0144stwa.<\/p>\n              <\/div>\r\n                      <\/div>\r\n                  <div class=\"faq-item\">\r\n             \r\n              <h1 class=\"faq-item__question\">\r\n                Jak liczne s\u0105 oddzia\u0142y?              <\/h1>\r\n            \r\n             \r\n              <div class=\"faq-item__answer\">\r\n                <p>Maksymalnie 15 os\u00f3b.<\/p>\n              <\/div>\r\n                      <\/div>\r\n                  <div class=\"faq-item\">\r\n             \r\n              <h1 class=\"faq-item__question\">\r\n                Czy w razie przeniesienia do innej szko\u0142y dziecko b\u0119dzie mog\u0142o kontynuowa\u0107 nauk\u0119?              <\/h1>\r\n            \r\n             \r\n              <div class=\"faq-item__answer\">\r\n                <p>Oczywi\u015bcie. Realizujemy t\u0119 sam\u0105 podstaw\u0119 programow\u0105, co wszystkie szko\u0142y w Polsce. Podlegamy, jak wszystkie szko\u0142y samorz\u0105dowe, rygorom i kontrolom ze strony uprawnionych instytucji. Zak\u0142adamy realizacj\u0119 programu na rok, okres edukacyjny i mo\u017ce si\u0119 zdarzy\u0107, \u017ce po przeniesieniu dziecko b\u0119dzie musia\u0142o nadrabiac tre\u015bci, kt\u00f3re u nas nie by\u0142y realizowane ze wzgl\u0119du na blokow\u0105 organizacj\u0119.<\/p>\n              <\/div>\r\n                      <\/div>\r\n                  <div class=\"faq-item\">\r\n             \r\n              <h1 class=\"faq-item__question\">\r\n                Czy to jest szko\u0142a o\u015bmioletnia?              <\/h1>\r\n            \r\n             \r\n              <div class=\"faq-item__answer\">\r\n                <p>Tak. W polskim prawie o\u015bwiatowym nie ma mo\u017cliwo\u015bci prowadzenia szko\u0142y wy\u0142\u0105cznie na etapie np. edukacji wczesnoszkolnej. Jedynym obowi\u0105zuj\u0105cym modelem szko\u0142y jest o\u015bmioletnia szko\u0142a podstawowa.<\/p>\n              <\/div>\r\n                      <\/div>\r\n                  <div class=\"faq-item\">\r\n             \r\n              <h1 class=\"faq-item__question\">\r\n                Czy dziecko musi by\u0107 jako\u015b szczeg\u00f3lnie utalentowane?              <\/h1>\r\n            \r\n             \r\n              <div class=\"faq-item__answer\">\r\n                <p>Nie. Szko\u0142a jest po to aby pom\u00f3c dziecku rozwija\u0107 uzdolnienia lub odkrywa\u0107 je. Nie jest to szko\u0142a profilowa, kt\u00f3ra wymaga szczeg\u00f3lnych predyspozycji.<\/p>\n              <\/div>\r\n                      <\/div>\r\n                  <div class=\"faq-item\">\r\n             \r\n              <h1 class=\"faq-item__question\">\r\n                Czy Collegium Artes jest dla ka\u017cdego?              <\/h1>\r\n            \r\n             \r\n              <div class=\"faq-item__answer\">\r\n                <p>Tak, dla ka\u017cdego dziecka. To szko\u0142a dla \u015bwiadomych rodzic\u00f3w, kt\u00f3rzy wiedz\u0105 jaka jest r\u00f3\u017cnica mi\u0119dzy nauczaniem, a uczeniem; kt\u00f3rzy wiedz\u0105, \u017ce to proces kt\u00f3ry musi przebiega\u0107 zgodnie z mo\u017cliwo\u015bciami dzieci. Dla rodzic\u00f3w, kt\u00f3rzy rozwa\u017caj\u0105 dla swojego dziecka r\u00f3\u017cne opcje i wybieraj\u0105 najlepsz\u0105.<\/p>\n              <\/div>\r\n                      <\/div>\r\n                  <div class=\"faq-item\">\r\n             \r\n              <h1 class=\"faq-item__question\">\r\n                Jak wygl\u0105da procedura przeniesienia z innej plac\u00f3wki?              <\/h1>\r\n            \r\n             \r\n              <div class=\"faq-item__answer\">\r\n                <p>Rodzice nie maj\u0105 obowi\u0105zku wysy\u0142a\u0107 dziecka do szko\u0142y rejonowej. Je\u015bli zdecyduj\u0105 si\u0119 na Collegium Artes formalno\u015bci zwi\u0105zane ze zmian\u0105 szko\u0142y odbywaj\u0105 si\u0119 mi\u0119dzy szko\u0142ami. Wyj\u0105tkiem jest gdy rodzice sa zwi\u0105zani umow\u0105 ze szko\u0142\u0105, w\u00f3wczas musz\u0105 rozwiaza\u0107 umow\u0119 w dotychczasowej plac\u00f3wce.<\/p>\n              <\/div>\r\n                      <\/div>\r\n                  <div class=\"faq-item\">\r\n             \r\n              <h1 class=\"faq-item__question\">\r\n                Co je\u017celi musisz zrezygnowa\u0107 z Collegium Artes?              <\/h1>\r\n            \r\n             \r\n              <div class=\"faq-item__answer\">\r\n                <ol>\n<li>Przychodzisz, rozmawiasz, sk\u0142adasz wypowiedzenie.<\/li>\n<li>Zgodnie z zapisem w umowie, obowi\u0105zuje okres wypowiedzenia.<\/li>\n<li>\u017begnasz si\u0119 i idziesz dalej swoj\u0105 drog\u0105.<\/li>\n<li>Ciep\u0142o my\u015blisz o Collegium Artes, wspominasz, czasami nas odwiedzasz.<\/li>\n<\/ol>\n<p>Jest te\u017c scenariusz odej\u015bcia ma\u0142o przyjazny, szkaluj\u0105cy szko\u0142\u0119, ale to s\u0142abe jednostki robi\u0105 wiec nie bierzemy pod uwag\u0119.<\/p>\n              <\/div>\r\n                      <\/div>\r\n                  <div class=\"faq-item\">\r\n             \r\n              <h1 class=\"faq-item__question\">\r\n                W jakich godzinach funkcjonuje szko\u0142a?              <\/h1>\r\n            \r\n             \r\n              <div class=\"faq-item__answer\">\r\n                <p>Szko\u0142a jest czynna od 7:30 do 16:30.<\/p>\n<p>Zak\u0142adamy, \u017ce opieka \u015bwietlicowa jest dla dzieci rodzic\u00f3w pracuj\u0105cych.<\/p>\n              <\/div>\r\n                      <\/div>\r\n                  <div class=\"faq-item\">\r\n             \r\n              <h1 class=\"faq-item__question\">\r\n                Czy w szkole jest wy\u017cywienie?              <\/h1>\r\n            \r\n             \r\n              <div class=\"faq-item__answer\">\r\n                <p>Szko\u0142a zapewnia mo\u017cliwo\u015b\u0107 spo\u017cycia jednego ciep\u0142ego posi\u0142ku. Rodzice decyduj\u0105 jak\u0105 firm\u0119 cateringow\u0105 wybieramy i ponosz\u0105 koszty tego wy\u017cywienia.<br \/>\nOpr\u00f3cz tego dzieci przynosz\u0105 swoje \u015bniadani\u00f3wki oraz napoje.<\/p>\n              <\/div>\r\n                      <\/div>\r\n              <\/div>\r\n      <\/div>\r\n<\/section>","protected":false},"excerpt":{"rendered":"","protected":false},"author":1,"featured_media":0,"parent":0,"menu_order":0,"comment_status":"closed","ping_status":"closed","template":"","meta":{"_acf_changed":false,"footnotes":""},"class_list":["post-207","page","type-page","status-publish","hentry"],"acf":[],"_links":{"self":[{"href":"https:\/\/collegiumartes.com\/sp\/wp-json\/wp\/v2\/pages\/207","targetHints":{"allow":["GET"]}}],"collection":[{"href":"https:\/\/collegiumartes.com\/sp\/wp-json\/wp\/v2\/pages"}],"about":[{"href":"https:\/\/collegiumartes.com\/sp\/wp-json\/wp\/v2\/types\/page"}],"author":[{"embeddable":true,"href":"https:\/\/collegiumartes.com\/sp\/wp-json\/wp\/v2\/users\/1"}],"replies":[{"embeddable":true,"href":"https:\/\/collegiumartes.com\/sp\/wp-json\/wp\/v2\/comments?post=207"}],"version-history":[{"count":11,"href":"https:\/\/collegiumartes.com\/sp\/wp-json\/wp\/v2\/pages\/207\/revisions"}],"predecessor-version":[{"id":533,"href":"https:\/\/collegiumartes.com\/sp\/wp-json\/wp\/v2\/pages\/207\/revisions\/533"}],"wp:attachment":[{"href":"https:\/\/collegiumartes.com\/sp\/wp-json\/wp\/v2\/media?parent=207"}],"curies":[{"name":"wp","href":"https:\/\/api.w.org\/{rel}","templated":true}]}}