{"id":21,"date":"2025-11-04T19:19:52","date_gmt":"2025-11-04T18:19:52","guid":{"rendered":"https:\/\/collegiumartes.com\/sp\/?page_id=21"},"modified":"2026-01-13T11:44:28","modified_gmt":"2026-01-13T10:44:28","slug":"do-pobrania","status":"publish","type":"page","link":"https:\/\/collegiumartes.com\/sp\/do-pobrania\/","title":{"rendered":"Do pobrania"},"content":{"rendered":"\r\n<section class=\"section-page-header\">\r\n  <div class=\"container\">\r\n     \r\n      <p class=\"section-page-header__text-above-title\">\r\n        Przydatne pliki      <\/p>\r\n    \r\n     \r\n      <h1 class=\"section-page-header__title\">\r\n        Tutaj znajdziesz wszystko, co mo\u017ce si\u0119 przyda\u0107 na co dzie\u0144 \u2014 wnioski, zgody, ankiety i wa\u017cne dokumenty szkolne.      <\/h1>\r\n      <\/div>\r\n<\/section>\n\n\r\n<section class=\"section-downloads\">\r\n   <div class=\"container\">\r\n    \r\n          <div class=\"downloads-wrapper\">\r\n                  <a class=\"download-item\" href=\"https:\/\/collegiumartes.com\/sp\/wp-content\/uploads\/sites\/4\/2025\/12\/ANKIETA-DLA-RODZICOW-dzieci-rozpoczynajacych-nauke-w-CA.pdf\" target=\"_blank\">\r\n                            <img decoding=\"async\" class=\"download-item__image\" src=\"https:\/\/collegiumartes.com\/sp\/wp-content\/themes\/collegium-artes-sp\/images\/download-image.svg\" alt=\"Obrazek sekcji do pobrania\">\r\n            \r\n            Ankieta dla rodzic\u00f3w dzieci rozpoczynaj\u0105cych nauk\u0119 w Collegium Artes          <\/a>\r\n                  <a class=\"download-item\" href=\"https:\/\/collegiumartes.com\/sp\/wp-content\/uploads\/sites\/4\/2025\/12\/wniosek-o-przyjecie-do-Collegium-Artes.pdf\" target=\"_blank\">\r\n                            <img decoding=\"async\" class=\"download-item__image\" src=\"https:\/\/collegiumartes.com\/sp\/wp-content\/themes\/collegium-artes-sp\/images\/download-image.svg\" alt=\"Obrazek sekcji do pobrania\">\r\n            \r\n            Wniosek o przyj\u0119cie do Collegium Artes          <\/a>\r\n                  <a class=\"download-item\" href=\"https:\/\/collegiumartes.com\/sp\/wp-content\/uploads\/sites\/4\/2025\/12\/umowa-ksztafcenia-w-Collegium-Artes-2025-Lubon.pdf\" target=\"_blank\">\r\n                            <img decoding=\"async\" class=\"download-item__image\" src=\"https:\/\/collegiumartes.com\/sp\/wp-content\/themes\/collegium-artes-sp\/images\/download-image.svg\" alt=\"Obrazek sekcji do pobrania\">\r\n            \r\n            Umowa o nauczanie w Collegium Artes          <\/a>\r\n              <\/div>\r\n      <\/div>\r\n<\/section>","protected":false},"excerpt":{"rendered":"","protected":false},"author":1,"featured_media":0,"parent":0,"menu_order":0,"comment_status":"closed","ping_status":"closed","template":"","meta":{"_acf_changed":false,"footnotes":""},"class_list":["post-21","page","type-page","status-publish","hentry"],"acf":[],"_links":{"self":[{"href":"https:\/\/collegiumartes.com\/sp\/wp-json\/wp\/v2\/pages\/21","targetHints":{"allow":["GET"]}}],"collection":[{"href":"https:\/\/collegiumartes.com\/sp\/wp-json\/wp\/v2\/pages"}],"about":[{"href":"https:\/\/collegiumartes.com\/sp\/wp-json\/wp\/v2\/types\/page"}],"author":[{"embeddable":true,"href":"https:\/\/collegiumartes.com\/sp\/wp-json\/wp\/v2\/users\/1"}],"replies":[{"embeddable":true,"href":"https:\/\/collegiumartes.com\/sp\/wp-json\/wp\/v2\/comments?post=21"}],"version-history":[{"count":13,"href":"https:\/\/collegiumartes.com\/sp\/wp-json\/wp\/v2\/pages\/21\/revisions"}],"predecessor-version":[{"id":643,"href":"https:\/\/collegiumartes.com\/sp\/wp-json\/wp\/v2\/pages\/21\/revisions\/643"}],"wp:attachment":[{"href":"https:\/\/collegiumartes.com\/sp\/wp-json\/wp\/v2\/media?parent=21"}],"curies":[{"name":"wp","href":"https:\/\/api.w.org\/{rel}","templated":true}]}}