{"id":23,"date":"2025-11-04T19:19:58","date_gmt":"2025-11-04T18:19:58","guid":{"rendered":"https:\/\/collegiumartes.com\/sp\/?page_id=23"},"modified":"2025-12-30T16:47:01","modified_gmt":"2025-12-30T15:47:01","slug":"kontakt","status":"publish","type":"page","link":"https:\/\/collegiumartes.com\/sp\/kontakt\/","title":{"rendered":"Kontakt"},"content":{"rendered":"\r\n<section class=\"section-page-header\">\r\n  <div class=\"container\">\r\n     \r\n      <p class=\"section-page-header__text-above-title\">\r\n        Kontakt      <\/p>\r\n    \r\n     \r\n      <h1 class=\"section-page-header__title\">\r\n        Masz spraw\u0119? Jeste\u015b ciekawy naszej szko\u0142y? Zadzwo\u0144 lub napisz, a najlepiej odwied\u017a<br \/>\r\nnas osobi\u015bcie. :)      <\/h1>\r\n      <\/div>\r\n<\/section>\n\n\r\n<section class=\"section-contact\">\r\n  <div class=\"container\">\r\n    <div class=\"contact-map-wrapper\">\r\n      <div class=\"contact-box\">\r\n         \r\n          <h2 class=\"contact-box__title\">\r\n            Adres szko\u0142y          <\/h2>\r\n        \r\n         \r\n          <div class=\"contact-box__text\">\r\n            <p>ul. Sobieskiego 97a<br \/>\n62-030 Lubo\u0144<\/p>\n<p><a href=\"tel:+48881601007\">+48 881 601 007<\/a><br \/>\n<a href=\"mailto:szkola@collegiumartes.com\">szkola@collegiumartes.com<\/a><\/p>\n          <\/div>\r\n              <\/div>\r\n\r\n              <div class=\"contact-map\">\r\n          <img decoding=\"async\" class=\"contact-map__image\" src=\"https:\/\/collegiumartes.com\/sp\/wp-content\/uploads\/sites\/4\/2025\/12\/contact-map.png\" alt=\"\">\r\n        <\/div>\r\n          <\/div>\r\n\r\n    <div class=\"contacts\">\r\n      <div class=\"contacts__star\">\r\n         \r\n          nasze <br \/> social media        \r\n                  <div class=\"star-socials\">\r\n                          <a class=\"star-socials__btn\" href=\"https:\/\/www.facebook.com\/collegiumartes\/\" target=\"_blank\" rel=\"noopener\">\r\n                <img decoding=\"async\" src=\"https:\/\/collegiumartes.com\/sp\/wp-content\/uploads\/sites\/4\/2025\/12\/icon-fb.svg\" alt=\"\">\r\n                              <\/a>\r\n                          <a class=\"star-socials__btn\" href=\"https:\/\/www.instagram.com\/collegium_artes\/\" target=\"_blank\" rel=\"noopener\">\r\n                <img decoding=\"async\" src=\"https:\/\/collegiumartes.com\/sp\/wp-content\/uploads\/sites\/4\/2025\/12\/icon-inst.svg\" alt=\"\">\r\n                              <\/a>\r\n                      <\/div>\r\n              <\/div>\r\n\r\n      <div class=\"contacts-wrapper\">\r\n        <div class=\"contact-box\">\r\n           \r\n            <h2 class=\"contact-box__title\">\r\n              Rekrutacja            <\/h2>\r\n          \r\n           \r\n            <div class=\"contact-box__text\">\r\n              <p><a href=\"tel:+48881601007\">+48 881 601 007<\/a><br \/>\n<a href=\"mailto:szkola@collegiumartes.com\">szkola@collegiumartes.com<\/a><\/p>\n            <\/div>\r\n                  <\/div>\r\n\r\n        <div class=\"contact-box\">\r\n           \r\n            <h2 class=\"contact-box__title\">\r\n              Sekretariat            <\/h2>\r\n          \r\n           \r\n            <div class=\"contact-box__text\">\r\n              <p><a href=\"tel:+48881601007\">+48 881 601 007<\/a><br \/>\n<a href=\"mailto:sekretariat@collegiumartes.com\">sekretariat@collegiumartes.com<\/a><\/p>\n            <\/div>\r\n                  <\/div>\r\n\r\n        <div class=\"contact-box contact-box--transfer\">\r\n           \r\n            <h2 class=\"contact-box__title\">\r\n              Dane do przelew\u00f3w            <\/h2>\r\n          \r\n           \r\n            <div class=\"contact-box__text\">\r\n              <p>Nazwa banku: mBank<br \/>\nNumer konta: 18 1140 2004 0000 3802 7911 5692<\/p>\n            <\/div>\r\n                  <\/div>\r\n      <\/div>\r\n    <\/div>\r\n  <\/div>\r\n  \r\n      <div class=\"contact-form-wrapper\">\r\n      <div class=\"container\">\r\n        <div class=\"contact-form\">\r\n           \r\n            <h2 class=\"contact-form__title\">\r\n              <strong>Formularz<\/strong> kontaktowy            <\/h2>\r\n          \r\n          \n<div class=\"wpcf7 no-js\" id=\"wpcf7-f286-o1\" lang=\"pl-PL\" dir=\"ltr\" data-wpcf7-id=\"286\">\n<div class=\"screen-reader-response\"><p role=\"status\" aria-live=\"polite\" aria-atomic=\"true\"><\/p> <ul><\/ul><\/div>\n<form action=\"\/sp\/wp-json\/wp\/v2\/pages\/23#wpcf7-f286-o1\" method=\"post\" class=\"wpcf7-form init wpcf7-acceptance-as-validation\" aria-label=\"Formularz kontaktowy\" novalidate=\"novalidate\" data-status=\"init\">\n<fieldset class=\"hidden-fields-container\"><input type=\"hidden\" name=\"_wpcf7\" value=\"286\" \/><input type=\"hidden\" name=\"_wpcf7_version\" value=\"6.1.5\" \/><input type=\"hidden\" name=\"_wpcf7_locale\" value=\"pl_PL\" \/><input type=\"hidden\" name=\"_wpcf7_unit_tag\" value=\"wpcf7-f286-o1\" \/><input type=\"hidden\" name=\"_wpcf7_container_post\" value=\"0\" \/><input type=\"hidden\" name=\"_wpcf7_posted_data_hash\" value=\"\" \/>\n<\/fieldset>\n<div class=\"field novalidate\">\n    <span class=\"wpcf7-form-control-wrap\" data-name=\"your-name\"><input size=\"40\" maxlength=\"400\" class=\"wpcf7-form-control wpcf7-text wpcf7-validates-as-required\" aria-required=\"true\" aria-invalid=\"false\" placeholder=\"Imi\u0119\" value=\"\" type=\"text\" name=\"your-name\" \/><\/span>\n<\/div>\n\n<div class=\"field novalidate\">\n    <span class=\"wpcf7-form-control-wrap\" data-name=\"your-phone\"><input size=\"40\" maxlength=\"400\" class=\"wpcf7-form-control wpcf7-tel wpcf7-validates-as-required wpcf7-text wpcf7-validates-as-tel\" aria-required=\"true\" aria-invalid=\"false\" placeholder=\"Telefon\" value=\"\" type=\"tel\" name=\"your-phone\" \/><\/span>\n<\/div>\n\n<div class=\"field novalidate\">\n    <span class=\"wpcf7-form-control-wrap\" data-name=\"your-email\"><input size=\"40\" maxlength=\"400\" class=\"wpcf7-form-control wpcf7-email wpcf7-validates-as-required wpcf7-text wpcf7-validates-as-email\" aria-required=\"true\" aria-invalid=\"false\" placeholder=\"E-mail\" value=\"\" type=\"email\" name=\"your-email\" \/><\/span>\n<\/div>\n\n<div class=\"field novalidate\">\n    <span class=\"wpcf7-form-control-wrap\" data-name=\"your-message\"><textarea cols=\"40\" rows=\"10\" maxlength=\"2000\" class=\"wpcf7-form-control wpcf7-textarea wpcf7-validates-as-required\" aria-required=\"true\" aria-invalid=\"false\" placeholder=\"Wiadomo\u015b\u0107\" name=\"your-message\"><\/textarea><\/span>\n<\/div>\n\n<div class=\"field novalidate\">\n<span class=\"wpcf7-form-control-wrap\" data-name=\"your-acceptance-1\"><span class=\"wpcf7-form-control wpcf7-acceptance\"><span class=\"wpcf7-list-item\"><label><input type=\"checkbox\" name=\"your-acceptance-1\" value=\"1\" aria-invalid=\"false\" \/><span class=\"wpcf7-list-item-label\">Wyra\u017cam zgod\u0119 na przetwarzanie moich danych osobowych zawartych w niniejszym formularzu kontaktowym w celu udzielenia odpowiedzi na przes\u0142ane zapytanie oraz kontaktu w sprawach zwi\u0105zanych z dzia\u0142alno\u015bci\u0105 szko\u0142y, zgodnie z obowi\u0105zuj\u0105cymi przepisami o ochronie danych osobowych.<\/span><\/label><\/span><\/span><\/span>\n<\/div>\n\n<div style=\"margin-top: 25px;\"><div class=\"wpcf7-turnstile cf-turnstile\" data-sitekey=\"0x4AAAAAACHMTgzVc8__gm3u\" data-response-field-name=\"_wpcf7_turnstile_response\"><\/div><\/div>\n\n<div class=\"wpcf7-response-output\" aria-hidden=\"true\"><\/div>\n\n<div class=\"form-btn\">\n<input class=\"wpcf7-form-control wpcf7-submit has-spinner btn\" type=\"submit\" value=\"Wy\u015blij\" \/>\n<\/div>\n<\/form>\n<\/div>\n        <\/div>\r\n      <\/div>\r\n    \r\n              <div class=\"text-bar\">\r\n          <div class=\"text-bar__wrapper js-text-bar-wrapper-left-to-right\">\r\n            <div class=\"text-bar__content js-text-bar-content-left-to-right\">\r\n              <div class=\"text-bar__text\">\r\n                Napisz do nas              <\/div>\r\n              <div class=\"text-bar__text\">\r\n                Napisz do nas              <\/div>\r\n              <div class=\"text-bar__text\">\r\n                Napisz do nas              <\/div>\r\n              <div class=\"text-bar__text\">\r\n                Napisz do nas              <\/div>\r\n              <div class=\"text-bar__text\">\r\n                Napisz do nas              <\/div>\r\n              <div class=\"text-bar__text\">\r\n                Napisz do nas              <\/div>\r\n            <\/div>\r\n          <\/div>\r\n        <\/div>\r\n          <\/div>\r\n  <\/section>","protected":false},"excerpt":{"rendered":"","protected":false},"author":1,"featured_media":0,"parent":0,"menu_order":0,"comment_status":"closed","ping_status":"closed","template":"","meta":{"_acf_changed":false,"footnotes":""},"class_list":["post-23","page","type-page","status-publish","hentry"],"acf":[],"_links":{"self":[{"href":"https:\/\/collegiumartes.com\/sp\/wp-json\/wp\/v2\/pages\/23","targetHints":{"allow":["GET"]}}],"collection":[{"href":"https:\/\/collegiumartes.com\/sp\/wp-json\/wp\/v2\/pages"}],"about":[{"href":"https:\/\/collegiumartes.com\/sp\/wp-json\/wp\/v2\/types\/page"}],"author":[{"embeddable":true,"href":"https:\/\/collegiumartes.com\/sp\/wp-json\/wp\/v2\/users\/1"}],"replies":[{"embeddable":true,"href":"https:\/\/collegiumartes.com\/sp\/wp-json\/wp\/v2\/comments?post=23"}],"version-history":[{"count":15,"href":"https:\/\/collegiumartes.com\/sp\/wp-json\/wp\/v2\/pages\/23\/revisions"}],"predecessor-version":[{"id":632,"href":"https:\/\/collegiumartes.com\/sp\/wp-json\/wp\/v2\/pages\/23\/revisions\/632"}],"wp:attachment":[{"href":"https:\/\/collegiumartes.com\/sp\/wp-json\/wp\/v2\/media?parent=23"}],"curies":[{"name":"wp","href":"https:\/\/api.w.org\/{rel}","templated":true}]}}