{"id":31,"date":"2025-11-04T19:20:41","date_gmt":"2025-11-04T18:20:41","guid":{"rendered":"https:\/\/collegiumartes.com\/sp\/?page_id=31"},"modified":"2026-01-14T15:00:49","modified_gmt":"2026-01-14T14:00:49","slug":"galeria","status":"publish","type":"page","link":"https:\/\/collegiumartes.com\/sp\/galeria\/","title":{"rendered":"Galeria"},"content":{"rendered":"\r\n<section class=\"section-page-header\">\r\n  <div class=\"container\">\r\n    \r\n     \r\n      <h1 class=\"section-page-header__title\">\r\n        Tutaj  zobaczysz szkolne \u017cycie w obiektywie &#8211; zwyczajne i niezwyczajne chwile. R\u00f3\u017cne, ale wszystkie wa\u017cne. Ka\u017cde zdj\u0119cie to ma\u0142a historia o tym, jak uczymy si\u0119, wsp\u00f3\u0142pracujemy i ro\u015bniemy razem.      <\/h1>\r\n      <\/div>\r\n<\/section>\n\n\r\n<section class=\"section-gallery\">\r\n  <div class=\"container\">\r\n      \r\n          <div class=\"gallery-wrapper js-gallery-wrapper\">\r\n                                      <div class=\"gallery-item \">\r\n                  <a href=\"https:\/\/collegiumartes.com\/sp\/wp-content\/uploads\/sites\/4\/2025\/12\/collegium-artes-szkola-podstawowa-32.jpg\" data-fancybox=\"gallery\">\r\n                      <img decoding=\"async\" class=\"gallery-item__image\" \r\n                          src=\"https:\/\/collegiumartes.com\/sp\/wp-content\/uploads\/sites\/4\/2025\/12\/collegium-artes-szkola-podstawowa-32-500x500.jpg\" \r\n                          alt=\"\">\r\n                  <\/a>\r\n              <\/div>\r\n                                                    <div class=\"gallery-item \">\r\n                  <a href=\"https:\/\/collegiumartes.com\/sp\/wp-content\/uploads\/sites\/4\/2025\/12\/collegium-artes-szkola-podstawowa-33.jpg\" data-fancybox=\"gallery\">\r\n                      <img decoding=\"async\" class=\"gallery-item__image\" \r\n                          src=\"https:\/\/collegiumartes.com\/sp\/wp-content\/uploads\/sites\/4\/2025\/12\/collegium-artes-szkola-podstawowa-33-500x500.jpg\" \r\n                          alt=\"\">\r\n                  <\/a>\r\n              <\/div>\r\n                                                    <div class=\"gallery-item \">\r\n                  <a href=\"https:\/\/collegiumartes.com\/sp\/wp-content\/uploads\/sites\/4\/2025\/12\/collegium-artes-szkola-podstawowa-34.jpg\" data-fancybox=\"gallery\">\r\n                      <img decoding=\"async\" class=\"gallery-item__image\" \r\n                          src=\"https:\/\/collegiumartes.com\/sp\/wp-content\/uploads\/sites\/4\/2025\/12\/collegium-artes-szkola-podstawowa-34-500x500.jpg\" \r\n                          alt=\"\">\r\n                  <\/a>\r\n              <\/div>\r\n                                                    <div class=\"gallery-item \">\r\n                  <a href=\"https:\/\/collegiumartes.com\/sp\/wp-content\/uploads\/sites\/4\/2025\/12\/collegium-artes-szkola-podstawowa-35.jpg\" data-fancybox=\"gallery\">\r\n                      <img decoding=\"async\" class=\"gallery-item__image\" \r\n                          src=\"https:\/\/collegiumartes.com\/sp\/wp-content\/uploads\/sites\/4\/2025\/12\/collegium-artes-szkola-podstawowa-35-500x500.jpg\" \r\n                          alt=\"\">\r\n                  <\/a>\r\n              <\/div>\r\n                                                    <div class=\"gallery-item \">\r\n                  <a href=\"https:\/\/collegiumartes.com\/sp\/wp-content\/uploads\/sites\/4\/2025\/12\/collegium-artes-szkola-podstawowa-36.jpg\" data-fancybox=\"gallery\">\r\n                      <img decoding=\"async\" class=\"gallery-item__image\" \r\n                          src=\"https:\/\/collegiumartes.com\/sp\/wp-content\/uploads\/sites\/4\/2025\/12\/collegium-artes-szkola-podstawowa-36-500x500.jpg\" \r\n                          alt=\"\">\r\n                  <\/a>\r\n              <\/div>\r\n                                                    <div class=\"gallery-item \">\r\n                  <a href=\"https:\/\/collegiumartes.com\/sp\/wp-content\/uploads\/sites\/4\/2025\/12\/collegium-artes-szkola-podstawowa-01.jpg\" data-fancybox=\"gallery\">\r\n                      <img decoding=\"async\" class=\"gallery-item__image\" \r\n                          src=\"https:\/\/collegiumartes.com\/sp\/wp-content\/uploads\/sites\/4\/2025\/12\/collegium-artes-szkola-podstawowa-01-500x500.jpg\" \r\n                          alt=\"\">\r\n                  <\/a>\r\n              <\/div>\r\n                                                    <div class=\"gallery-item \">\r\n                  <a href=\"https:\/\/collegiumartes.com\/sp\/wp-content\/uploads\/sites\/4\/2025\/12\/collegium-artes-szkola-podstawowa-02.jpg\" data-fancybox=\"gallery\">\r\n                      <img decoding=\"async\" class=\"gallery-item__image\" \r\n                          src=\"https:\/\/collegiumartes.com\/sp\/wp-content\/uploads\/sites\/4\/2025\/12\/collegium-artes-szkola-podstawowa-02-500x500.jpg\" \r\n                          alt=\"\">\r\n                  <\/a>\r\n              <\/div>\r\n                                                    <div class=\"gallery-item \">\r\n                  <a href=\"https:\/\/collegiumartes.com\/sp\/wp-content\/uploads\/sites\/4\/2025\/12\/collegium-artes-szkola-podstawowa-03.jpg\" data-fancybox=\"gallery\">\r\n                      <img decoding=\"async\" class=\"gallery-item__image\" \r\n                          src=\"https:\/\/collegiumartes.com\/sp\/wp-content\/uploads\/sites\/4\/2025\/12\/collegium-artes-szkola-podstawowa-03-500x500.jpg\" \r\n                          alt=\"\">\r\n                  <\/a>\r\n              <\/div>\r\n                                                    <div class=\"gallery-item \">\r\n                  <a href=\"https:\/\/collegiumartes.com\/sp\/wp-content\/uploads\/sites\/4\/2025\/12\/collegium-artes-szkola-podstawowa-04.jpg\" data-fancybox=\"gallery\">\r\n                      <img decoding=\"async\" class=\"gallery-item__image\" \r\n                          src=\"https:\/\/collegiumartes.com\/sp\/wp-content\/uploads\/sites\/4\/2025\/12\/collegium-artes-szkola-podstawowa-04-500x500.jpg\" \r\n                          alt=\"\">\r\n                  <\/a>\r\n              <\/div>\r\n                                                    <div class=\"gallery-item \">\r\n                  <a href=\"https:\/\/collegiumartes.com\/sp\/wp-content\/uploads\/sites\/4\/2025\/12\/collegium-artes-szkola-podstawowa-05.jpg\" data-fancybox=\"gallery\">\r\n                      <img decoding=\"async\" class=\"gallery-item__image\" \r\n                          src=\"https:\/\/collegiumartes.com\/sp\/wp-content\/uploads\/sites\/4\/2025\/12\/collegium-artes-szkola-podstawowa-05-500x500.jpg\" \r\n                          alt=\"\">\r\n                  <\/a>\r\n              <\/div>\r\n                                                    <div class=\"gallery-item \">\r\n                  <a href=\"https:\/\/collegiumartes.com\/sp\/wp-content\/uploads\/sites\/4\/2025\/12\/collegium-artes-szkola-podstawowa-06.jpg\" data-fancybox=\"gallery\">\r\n                      <img decoding=\"async\" class=\"gallery-item__image\" \r\n                          src=\"https:\/\/collegiumartes.com\/sp\/wp-content\/uploads\/sites\/4\/2025\/12\/collegium-artes-szkola-podstawowa-06-500x500.jpg\" \r\n                          alt=\"\">\r\n                  <\/a>\r\n              <\/div>\r\n                                                    <div class=\"gallery-item \">\r\n                  <a href=\"https:\/\/collegiumartes.com\/sp\/wp-content\/uploads\/sites\/4\/2025\/12\/collegium-artes-szkola-podstawowa-07.jpg\" data-fancybox=\"gallery\">\r\n                      <img decoding=\"async\" class=\"gallery-item__image\" \r\n                          src=\"https:\/\/collegiumartes.com\/sp\/wp-content\/uploads\/sites\/4\/2025\/12\/collegium-artes-szkola-podstawowa-07-500x500.jpg\" \r\n                          alt=\"\">\r\n                  <\/a>\r\n              <\/div>\r\n                                                    <div class=\"gallery-item \">\r\n                  <a href=\"https:\/\/collegiumartes.com\/sp\/wp-content\/uploads\/sites\/4\/2025\/12\/collegium-artes-szkola-podstawowa-08.jpg\" data-fancybox=\"gallery\">\r\n                      <img decoding=\"async\" class=\"gallery-item__image\" \r\n                          src=\"https:\/\/collegiumartes.com\/sp\/wp-content\/uploads\/sites\/4\/2025\/12\/collegium-artes-szkola-podstawowa-08-500x500.jpg\" \r\n                          alt=\"\">\r\n                  <\/a>\r\n              <\/div>\r\n                                                    <div class=\"gallery-item \">\r\n                  <a href=\"https:\/\/collegiumartes.com\/sp\/wp-content\/uploads\/sites\/4\/2025\/12\/collegium-artes-szkola-podstawowa-09.jpg\" data-fancybox=\"gallery\">\r\n                      <img decoding=\"async\" class=\"gallery-item__image\" \r\n                          src=\"https:\/\/collegiumartes.com\/sp\/wp-content\/uploads\/sites\/4\/2025\/12\/collegium-artes-szkola-podstawowa-09-500x500.jpg\" \r\n                          alt=\"\">\r\n                  <\/a>\r\n              <\/div>\r\n                                                    <div class=\"gallery-item \">\r\n                  <a href=\"https:\/\/collegiumartes.com\/sp\/wp-content\/uploads\/sites\/4\/2025\/12\/collegium-artes-szkola-podstawowa-10.jpg\" data-fancybox=\"gallery\">\r\n                      <img decoding=\"async\" class=\"gallery-item__image\" \r\n                          src=\"https:\/\/collegiumartes.com\/sp\/wp-content\/uploads\/sites\/4\/2025\/12\/collegium-artes-szkola-podstawowa-10-500x500.jpg\" \r\n                          alt=\"\">\r\n                  <\/a>\r\n              <\/div>\r\n                                                    <div class=\"gallery-item \">\r\n                  <a href=\"https:\/\/collegiumartes.com\/sp\/wp-content\/uploads\/sites\/4\/2025\/12\/collegium-artes-szkola-podstawowa-11.jpg\" data-fancybox=\"gallery\">\r\n                      <img decoding=\"async\" class=\"gallery-item__image\" \r\n                          src=\"https:\/\/collegiumartes.com\/sp\/wp-content\/uploads\/sites\/4\/2025\/12\/collegium-artes-szkola-podstawowa-11-500x500.jpg\" \r\n                          alt=\"\">\r\n                  <\/a>\r\n              <\/div>\r\n                                                    <div class=\"gallery-item is-hidden\">\r\n                  <a href=\"https:\/\/collegiumartes.com\/sp\/wp-content\/uploads\/sites\/4\/2025\/12\/collegium-artes-szkola-podstawowa-12.jpg\" data-fancybox=\"gallery\">\r\n                      <img decoding=\"async\" class=\"gallery-item__image\" \r\n                          src=\"https:\/\/collegiumartes.com\/sp\/wp-content\/uploads\/sites\/4\/2025\/12\/collegium-artes-szkola-podstawowa-12-500x500.jpg\" \r\n                          alt=\"\">\r\n                  <\/a>\r\n              <\/div>\r\n                                                    <div class=\"gallery-item is-hidden\">\r\n                  <a href=\"https:\/\/collegiumartes.com\/sp\/wp-content\/uploads\/sites\/4\/2025\/12\/collegium-artes-szkola-podstawowa-13.jpg\" data-fancybox=\"gallery\">\r\n                      <img decoding=\"async\" class=\"gallery-item__image\" \r\n                          src=\"https:\/\/collegiumartes.com\/sp\/wp-content\/uploads\/sites\/4\/2025\/12\/collegium-artes-szkola-podstawowa-13-500x500.jpg\" \r\n                          alt=\"\">\r\n                  <\/a>\r\n              <\/div>\r\n                                                    <div class=\"gallery-item is-hidden\">\r\n                  <a href=\"https:\/\/collegiumartes.com\/sp\/wp-content\/uploads\/sites\/4\/2025\/12\/collegium-artes-szkola-podstawowa-14.jpg\" data-fancybox=\"gallery\">\r\n                      <img decoding=\"async\" class=\"gallery-item__image\" \r\n                          src=\"https:\/\/collegiumartes.com\/sp\/wp-content\/uploads\/sites\/4\/2025\/12\/collegium-artes-szkola-podstawowa-14-500x500.jpg\" \r\n                          alt=\"\">\r\n                  <\/a>\r\n              <\/div>\r\n                                                    <div class=\"gallery-item is-hidden\">\r\n                  <a href=\"https:\/\/collegiumartes.com\/sp\/wp-content\/uploads\/sites\/4\/2025\/12\/collegium-artes-szkola-podstawowa-15.jpg\" data-fancybox=\"gallery\">\r\n                      <img decoding=\"async\" class=\"gallery-item__image\" \r\n                          src=\"https:\/\/collegiumartes.com\/sp\/wp-content\/uploads\/sites\/4\/2025\/12\/collegium-artes-szkola-podstawowa-15-500x500.jpg\" \r\n                          alt=\"\">\r\n                  <\/a>\r\n              <\/div>\r\n                                                    <div class=\"gallery-item is-hidden\">\r\n                  <a href=\"https:\/\/collegiumartes.com\/sp\/wp-content\/uploads\/sites\/4\/2025\/12\/collegium-artes-szkola-podstawowa-16.jpg\" data-fancybox=\"gallery\">\r\n                      <img decoding=\"async\" class=\"gallery-item__image\" \r\n                          src=\"https:\/\/collegiumartes.com\/sp\/wp-content\/uploads\/sites\/4\/2025\/12\/collegium-artes-szkola-podstawowa-16-500x500.jpg\" \r\n                          alt=\"\">\r\n                  <\/a>\r\n              <\/div>\r\n                                                    <div class=\"gallery-item is-hidden\">\r\n                  <a href=\"https:\/\/collegiumartes.com\/sp\/wp-content\/uploads\/sites\/4\/2025\/12\/collegium-artes-szkola-podstawowa-17.jpg\" data-fancybox=\"gallery\">\r\n                      <img decoding=\"async\" class=\"gallery-item__image\" \r\n                          src=\"https:\/\/collegiumartes.com\/sp\/wp-content\/uploads\/sites\/4\/2025\/12\/collegium-artes-szkola-podstawowa-17-500x500.jpg\" \r\n                          alt=\"\">\r\n                  <\/a>\r\n              <\/div>\r\n                                                    <div class=\"gallery-item is-hidden\">\r\n                  <a href=\"https:\/\/collegiumartes.com\/sp\/wp-content\/uploads\/sites\/4\/2025\/12\/collegium-artes-szkola-podstawowa-18.jpg\" data-fancybox=\"gallery\">\r\n                      <img decoding=\"async\" class=\"gallery-item__image\" \r\n                          src=\"https:\/\/collegiumartes.com\/sp\/wp-content\/uploads\/sites\/4\/2025\/12\/collegium-artes-szkola-podstawowa-18-500x500.jpg\" \r\n                          alt=\"\">\r\n                  <\/a>\r\n              <\/div>\r\n                                                    <div class=\"gallery-item is-hidden\">\r\n                  <a href=\"https:\/\/collegiumartes.com\/sp\/wp-content\/uploads\/sites\/4\/2025\/12\/collegium-artes-szkola-podstawowa-19.jpg\" data-fancybox=\"gallery\">\r\n                      <img decoding=\"async\" class=\"gallery-item__image\" \r\n                          src=\"https:\/\/collegiumartes.com\/sp\/wp-content\/uploads\/sites\/4\/2025\/12\/collegium-artes-szkola-podstawowa-19-500x500.jpg\" \r\n                          alt=\"\">\r\n                  <\/a>\r\n              <\/div>\r\n                                                    <div class=\"gallery-item is-hidden\">\r\n                  <a href=\"https:\/\/collegiumartes.com\/sp\/wp-content\/uploads\/sites\/4\/2025\/12\/collegium-artes-szkola-podstawowa-20.jpg\" data-fancybox=\"gallery\">\r\n                      <img decoding=\"async\" class=\"gallery-item__image\" \r\n                          src=\"https:\/\/collegiumartes.com\/sp\/wp-content\/uploads\/sites\/4\/2025\/12\/collegium-artes-szkola-podstawowa-20-500x500.jpg\" \r\n                          alt=\"\">\r\n                  <\/a>\r\n              <\/div>\r\n                                                    <div class=\"gallery-item is-hidden\">\r\n                  <a href=\"https:\/\/collegiumartes.com\/sp\/wp-content\/uploads\/sites\/4\/2025\/12\/collegium-artes-szkola-podstawowa-21.jpg\" data-fancybox=\"gallery\">\r\n                      <img decoding=\"async\" class=\"gallery-item__image\" \r\n                          src=\"https:\/\/collegiumartes.com\/sp\/wp-content\/uploads\/sites\/4\/2025\/12\/collegium-artes-szkola-podstawowa-21-500x500.jpg\" \r\n                          alt=\"\">\r\n                  <\/a>\r\n              <\/div>\r\n                                                    <div class=\"gallery-item is-hidden\">\r\n                  <a href=\"https:\/\/collegiumartes.com\/sp\/wp-content\/uploads\/sites\/4\/2025\/12\/collegium-artes-szkola-podstawowa-22.jpg\" data-fancybox=\"gallery\">\r\n                      <img decoding=\"async\" class=\"gallery-item__image\" \r\n                          src=\"https:\/\/collegiumartes.com\/sp\/wp-content\/uploads\/sites\/4\/2025\/12\/collegium-artes-szkola-podstawowa-22-500x500.jpg\" \r\n                          alt=\"\">\r\n                  <\/a>\r\n              <\/div>\r\n                                                    <div class=\"gallery-item is-hidden\">\r\n                  <a href=\"https:\/\/collegiumartes.com\/sp\/wp-content\/uploads\/sites\/4\/2025\/12\/collegium-artes-szkola-podstawowa-23.jpg\" data-fancybox=\"gallery\">\r\n                      <img decoding=\"async\" class=\"gallery-item__image\" \r\n                          src=\"https:\/\/collegiumartes.com\/sp\/wp-content\/uploads\/sites\/4\/2025\/12\/collegium-artes-szkola-podstawowa-23-500x500.jpg\" \r\n                          alt=\"\">\r\n                  <\/a>\r\n              <\/div>\r\n                                                    <div class=\"gallery-item is-hidden\">\r\n                  <a href=\"https:\/\/collegiumartes.com\/sp\/wp-content\/uploads\/sites\/4\/2025\/12\/collegium-artes-szkola-podstawowa-24.jpg\" data-fancybox=\"gallery\">\r\n                      <img decoding=\"async\" class=\"gallery-item__image\" \r\n                          src=\"https:\/\/collegiumartes.com\/sp\/wp-content\/uploads\/sites\/4\/2025\/12\/collegium-artes-szkola-podstawowa-24-500x500.jpg\" \r\n                          alt=\"\">\r\n                  <\/a>\r\n              <\/div>\r\n                                                    <div class=\"gallery-item is-hidden\">\r\n                  <a href=\"https:\/\/collegiumartes.com\/sp\/wp-content\/uploads\/sites\/4\/2025\/12\/collegium-artes-szkola-podstawowa-25.jpg\" data-fancybox=\"gallery\">\r\n                      <img decoding=\"async\" class=\"gallery-item__image\" \r\n                          src=\"https:\/\/collegiumartes.com\/sp\/wp-content\/uploads\/sites\/4\/2025\/12\/collegium-artes-szkola-podstawowa-25-500x500.jpg\" \r\n                          alt=\"\">\r\n                  <\/a>\r\n              <\/div>\r\n                                                    <div class=\"gallery-item is-hidden\">\r\n                  <a href=\"https:\/\/collegiumartes.com\/sp\/wp-content\/uploads\/sites\/4\/2025\/12\/collegium-artes-szkola-podstawowa-26.jpg\" data-fancybox=\"gallery\">\r\n                      <img decoding=\"async\" class=\"gallery-item__image\" \r\n                          src=\"https:\/\/collegiumartes.com\/sp\/wp-content\/uploads\/sites\/4\/2025\/12\/collegium-artes-szkola-podstawowa-26-500x500.jpg\" \r\n                          alt=\"\">\r\n                  <\/a>\r\n              <\/div>\r\n                                                    <div class=\"gallery-item is-hidden\">\r\n                  <a href=\"https:\/\/collegiumartes.com\/sp\/wp-content\/uploads\/sites\/4\/2025\/12\/collegium-artes-szkola-podstawowa-27.jpg\" data-fancybox=\"gallery\">\r\n                      <img decoding=\"async\" class=\"gallery-item__image\" \r\n                          src=\"https:\/\/collegiumartes.com\/sp\/wp-content\/uploads\/sites\/4\/2025\/12\/collegium-artes-szkola-podstawowa-27-500x500.jpg\" \r\n                          alt=\"\">\r\n                  <\/a>\r\n              <\/div>\r\n                                                    <div class=\"gallery-item is-hidden\">\r\n                  <a href=\"https:\/\/collegiumartes.com\/sp\/wp-content\/uploads\/sites\/4\/2025\/12\/collegium-artes-szkola-podstawowa-28.jpg\" data-fancybox=\"gallery\">\r\n                      <img decoding=\"async\" class=\"gallery-item__image\" \r\n                          src=\"https:\/\/collegiumartes.com\/sp\/wp-content\/uploads\/sites\/4\/2025\/12\/collegium-artes-szkola-podstawowa-28-500x500.jpg\" \r\n                          alt=\"\">\r\n                  <\/a>\r\n              <\/div>\r\n                                                    <div class=\"gallery-item is-hidden\">\r\n                  <a href=\"https:\/\/collegiumartes.com\/sp\/wp-content\/uploads\/sites\/4\/2025\/12\/collegium-artes-szkola-podstawowa-29.jpg\" data-fancybox=\"gallery\">\r\n                      <img decoding=\"async\" class=\"gallery-item__image\" \r\n                          src=\"https:\/\/collegiumartes.com\/sp\/wp-content\/uploads\/sites\/4\/2025\/12\/collegium-artes-szkola-podstawowa-29-500x500.jpg\" \r\n                          alt=\"\">\r\n                  <\/a>\r\n              <\/div>\r\n                                                    <div class=\"gallery-item is-hidden\">\r\n                  <a href=\"https:\/\/collegiumartes.com\/sp\/wp-content\/uploads\/sites\/4\/2025\/12\/collegium-artes-szkola-podstawowa-30.jpg\" data-fancybox=\"gallery\">\r\n                      <img decoding=\"async\" class=\"gallery-item__image\" \r\n                          src=\"https:\/\/collegiumartes.com\/sp\/wp-content\/uploads\/sites\/4\/2025\/12\/collegium-artes-szkola-podstawowa-30-500x500.jpg\" \r\n                          alt=\"\">\r\n                  <\/a>\r\n              <\/div>\r\n                                                    <div class=\"gallery-item is-hidden\">\r\n                  <a href=\"https:\/\/collegiumartes.com\/sp\/wp-content\/uploads\/sites\/4\/2025\/12\/collegium-artes-szkola-podstawowa-31.jpg\" data-fancybox=\"gallery\">\r\n                      <img decoding=\"async\" class=\"gallery-item__image\" \r\n                          src=\"https:\/\/collegiumartes.com\/sp\/wp-content\/uploads\/sites\/4\/2025\/12\/collegium-artes-szkola-podstawowa-31-500x500.jpg\" \r\n                          alt=\"\">\r\n                  <\/a>\r\n              <\/div>\r\n                              <\/div>\r\n\r\n                <div class=\"gallery-btn\">\r\n              <a class=\"btn gallery-btn__btn js-gallery-load-more\" href=\"#\">\r\n                  Za\u0142aduj wi\u0119cej              <\/a>\r\n          <\/div>\r\n          <\/div>\r\n<\/section>\r\n","protected":false},"excerpt":{"rendered":"","protected":false},"author":1,"featured_media":0,"parent":0,"menu_order":0,"comment_status":"closed","ping_status":"closed","template":"","meta":{"_acf_changed":false,"footnotes":""},"class_list":["post-31","page","type-page","status-publish","hentry"],"acf":[],"_links":{"self":[{"href":"https:\/\/collegiumartes.com\/sp\/wp-json\/wp\/v2\/pages\/31","targetHints":{"allow":["GET"]}}],"collection":[{"href":"https:\/\/collegiumartes.com\/sp\/wp-json\/wp\/v2\/pages"}],"about":[{"href":"https:\/\/collegiumartes.com\/sp\/wp-json\/wp\/v2\/types\/page"}],"author":[{"embeddable":true,"href":"https:\/\/collegiumartes.com\/sp\/wp-json\/wp\/v2\/users\/1"}],"replies":[{"embeddable":true,"href":"https:\/\/collegiumartes.com\/sp\/wp-json\/wp\/v2\/comments?post=31"}],"version-history":[{"count":8,"href":"https:\/\/collegiumartes.com\/sp\/wp-json\/wp\/v2\/pages\/31\/revisions"}],"predecessor-version":[{"id":582,"href":"https:\/\/collegiumartes.com\/sp\/wp-json\/wp\/v2\/pages\/31\/revisions\/582"}],"wp:attachment":[{"href":"https:\/\/collegiumartes.com\/sp\/wp-json\/wp\/v2\/media?parent=31"}],"curies":[{"name":"wp","href":"https:\/\/api.w.org\/{rel}","templated":true}]}}